{"id":152,"date":"2022-09-16T13:03:38","date_gmt":"2022-09-16T13:03:38","guid":{"rendered":"https:\/\/boutique.gujan-arcachon-pentathlon.fr\/?post_type=product&#038;p=152"},"modified":"2025-10-25T09:18:15","modified_gmt":"2025-10-25T09:18:15","slug":"k651-parka-softshell-doublee-a-capuche-femme","status":"publish","type":"product","link":"https:\/\/boutique.gujan-arcachon-pentathlon.fr\/index.php\/product\/k651-parka-softshell-doublee-a-capuche-femme\/","title":{"rendered":"K651 &#8211; Parka Softshell doubl\u00e9e \u00e0 capuche Femme"},"content":{"rendered":"<p>Ext\u00e9rieur : 95% polyester \/ 5% \u00e9lasthanne. Interm\u00e9diaire : membrane respirante.<\/p>\n<p><span class=\"details\">Couche int\u00e9rieure : micropolaire. Doublure matelass\u00e9e 100% polyester .<\/span><\/p>\n<p><span class=\"details\"> Devant : 4 poches zipp\u00e9es (2 lat\u00e9rales, 1 sur la manche, 1 poitrine c\u00f4t\u00e9 droit). 2 poches int\u00e9rieures avec bouton pression.<\/span><\/p>\n<p><span class=\"details\"> Capuche amovible 3 panneaux doubl\u00e9e et matelass\u00e9e, r\u00e9glable avec stoppeurs.<\/span><\/p>\n<p><span class=\"details\"> Bas de manche r\u00e9glable avec bande auto-agrippante. 1 zip c\u00f4t\u00e9 c\u0153ur et 1 zip au bas du v\u00eatement pour acc\u00e8s personnalisation.<\/span><\/p>\n","protected":false},"excerpt":{"rendered":"<p>Marque : <strong>KARIBAN<\/strong><\/p>\n<p>95% polyester \/ 5% \u00e9lasthanne.<\/p>\n<p>Tissu contrecoll\u00e9 3 couches respirant 3000 g\/m\u00b2\/24h et imperm\u00e9able 8000 mm<\/p>\n<p>Couleur : NAVY<\/p>\n<p><a href=\"https:\/\/boutique.gujan-arcachon-pentathlon.fr\/wp-content\/uploads\/2022\/09\/k651.pdf\" target=\"_blank\" rel=\"noopener\">Fiche Technique K651 (avec mensurations)<\/a><\/p>\n","protected":false},"featured_media":156,"comment_status":"open","ping_status":"closed","template":"","meta":[],"product_brand":[],"product_cat":[26],"product_tag":[],"class_list":{"0":"post-152","1":"product","2":"type-product","3":"status-publish","4":"has-post-thumbnail","6":"product_cat-vestes-blousons","8":"first","9":"instock","10":"shipping-taxable","11":"purchasable","12":"product-type-variable"},"_links":{"self":[{"href":"https:\/\/boutique.gujan-arcachon-pentathlon.fr\/index.php\/wp-json\/wp\/v2\/product\/152","targetHints":{"allow":["GET"]}}],"collection":[{"href":"https:\/\/boutique.gujan-arcachon-pentathlon.fr\/index.php\/wp-json\/wp\/v2\/product"}],"about":[{"href":"https:\/\/boutique.gujan-arcachon-pentathlon.fr\/index.php\/wp-json\/wp\/v2\/types\/product"}],"replies":[{"embeddable":true,"href":"https:\/\/boutique.gujan-arcachon-pentathlon.fr\/index.php\/wp-json\/wp\/v2\/comments?post=152"}],"wp:featuredmedia":[{"embeddable":true,"href":"https:\/\/boutique.gujan-arcachon-pentathlon.fr\/index.php\/wp-json\/wp\/v2\/media\/156"}],"wp:attachment":[{"href":"https:\/\/boutique.gujan-arcachon-pentathlon.fr\/index.php\/wp-json\/wp\/v2\/media?parent=152"}],"wp:term":[{"taxonomy":"product_brand","embeddable":true,"href":"https:\/\/boutique.gujan-arcachon-pentathlon.fr\/index.php\/wp-json\/wp\/v2\/product_brand?post=152"},{"taxonomy":"product_cat","embeddable":true,"href":"https:\/\/boutique.gujan-arcachon-pentathlon.fr\/index.php\/wp-json\/wp\/v2\/product_cat?post=152"},{"taxonomy":"product_tag","embeddable":true,"href":"https:\/\/boutique.gujan-arcachon-pentathlon.fr\/index.php\/wp-json\/wp\/v2\/product_tag?post=152"}],"curies":[{"name":"wp","href":"https:\/\/api.w.org\/{rel}","templated":true}]}}