{"id":158,"date":"2022-09-16T13:13:29","date_gmt":"2022-09-16T13:13:29","guid":{"rendered":"https:\/\/boutique.gujan-arcachon-pentathlon.fr\/?post_type=product&#038;p=158"},"modified":"2025-10-25T09:17:21","modified_gmt":"2025-10-25T09:17:21","slug":"k414-veste-softshell-a-capuche-femme","status":"publish","type":"product","link":"https:\/\/boutique.gujan-arcachon-pentathlon.fr\/index.php\/product\/k414-veste-softshell-a-capuche-femme\/","title":{"rendered":"K414 &#8211; Veste Softshell \u00e0 capuche Femme"},"content":{"rendered":"<p>Ext\u00e9rieur : 94% polyester \/ 6% \u00e9lasthanne.<\/p>\n<p>Interm\u00e9diaire : membrane respirante et\u00a0<span class=\"details\">microa\u00e9r\u00e9e. <\/span><\/p>\n<p><span class=\"details\">Couche int\u00e9rieure : micropolaire antiboulochage. <\/span><\/p>\n<p><span class=\"details\">Manches raglan. Fermeture zipp\u00e9e. 2 poches zipp\u00e9es devant. 1 poche zipp\u00e9e poitrine c\u00f4t\u00e9 droit. Capuche amovible avec cordon de serrage et fermeture auto-agrippante. Patte de serrage auto-agrippante au bas de manches. Cordon de serrage bas de v\u00eatement. Zip invisible int\u00e9rieur c\u00f4t\u00e9 c\u0153ur pour acc\u00e8s personnalisation.<\/span><\/p>\n","protected":false},"excerpt":{"rendered":"<p>Marque : <strong>KARIBAN<\/strong><\/p>\n<p>94% polyester \/ 6% \u00e9lasthanne.<\/p>\n<p>Tissu contrecoll\u00e9 3 couches respirant 1000 g\/m2\/24h et imperm\u00e9able 5000 mm.<\/p>\n<p><span class=\"details\">Grammage :\u00a0340g\/m\u00b2<\/span><\/p>\n<p>Couleur : NAVY<\/p>\n<p><a href=\"https:\/\/boutique.gujan-arcachon-pentathlon.fr\/wp-content\/uploads\/2022\/09\/k414.pdf\" target=\"_blank\" rel=\"noopener\">Fiche Technique K414 (avec mensurations)<\/a><\/p>\n","protected":false},"featured_media":161,"comment_status":"open","ping_status":"closed","template":"","meta":[],"product_brand":[],"product_cat":[26],"product_tag":[],"class_list":{"0":"post-158","1":"product","2":"type-product","3":"status-publish","4":"has-post-thumbnail","6":"product_cat-vestes-blousons","8":"first","9":"instock","10":"shipping-taxable","11":"purchasable","12":"product-type-variable"},"_links":{"self":[{"href":"https:\/\/boutique.gujan-arcachon-pentathlon.fr\/index.php\/wp-json\/wp\/v2\/product\/158","targetHints":{"allow":["GET"]}}],"collection":[{"href":"https:\/\/boutique.gujan-arcachon-pentathlon.fr\/index.php\/wp-json\/wp\/v2\/product"}],"about":[{"href":"https:\/\/boutique.gujan-arcachon-pentathlon.fr\/index.php\/wp-json\/wp\/v2\/types\/product"}],"replies":[{"embeddable":true,"href":"https:\/\/boutique.gujan-arcachon-pentathlon.fr\/index.php\/wp-json\/wp\/v2\/comments?post=158"}],"wp:featuredmedia":[{"embeddable":true,"href":"https:\/\/boutique.gujan-arcachon-pentathlon.fr\/index.php\/wp-json\/wp\/v2\/media\/161"}],"wp:attachment":[{"href":"https:\/\/boutique.gujan-arcachon-pentathlon.fr\/index.php\/wp-json\/wp\/v2\/media?parent=158"}],"wp:term":[{"taxonomy":"product_brand","embeddable":true,"href":"https:\/\/boutique.gujan-arcachon-pentathlon.fr\/index.php\/wp-json\/wp\/v2\/product_brand?post=158"},{"taxonomy":"product_cat","embeddable":true,"href":"https:\/\/boutique.gujan-arcachon-pentathlon.fr\/index.php\/wp-json\/wp\/v2\/product_cat?post=158"},{"taxonomy":"product_tag","embeddable":true,"href":"https:\/\/boutique.gujan-arcachon-pentathlon.fr\/index.php\/wp-json\/wp\/v2\/product_tag?post=158"}],"curies":[{"name":"wp","href":"https:\/\/api.w.org\/{rel}","templated":true}]}}