{"id":443,"date":"2022-12-07T14:36:00","date_gmt":"2022-12-07T14:36:00","guid":{"rendered":"https:\/\/boutique.gujan-arcachon-pentathlon.fr\/?post_type=product&#038;p=443"},"modified":"2024-10-06T10:00:21","modified_gmt":"2024-10-06T10:00:21","slug":"pa1009-pantalon-urban-appeal-femme","status":"publish","type":"product","link":"https:\/\/boutique.gujan-arcachon-pentathlon.fr\/index.php\/product\/pa1009-pantalon-urban-appeal-femme\/","title":{"rendered":"PA1009 &#8211; Pantalon Urban Appeal Femme"},"content":{"rendered":"<div class=\"product-description-text\">\n<p>Marque : ProAct<\/p>\n<p>Coloris : French NAVY Heather<\/p>\n<ul>\n<li id=\"PA1008_toptex_arguments_vente_1\">Mati\u00e8re ultra confortable.<\/li>\n<li id=\"PA1008_toptex_arguments_vente_2\">Coupe moderne et ajust\u00e9e.<\/li>\n<li id=\"PA1008_toptex_arguments_vente_3\">Ceinture \u00e9lastiqu\u00e9e avec cordon de serrage pour un meilleur maintien.<\/li>\n<\/ul>\n<\/div>\n<p>94% polyester\/ 6% \u00e9lasthanne (79% polyester\/ 15% viscose\/ 6% \u00e9lasthanne pour coloris chin\u00e9). Mati\u00e8re ultra confortable. Ceinture \u00e9lastiqu\u00e9e avec cordon de serrage bicolore finition embout plastique. 2 poches devant doublure jersey 65% polyester\/ 35% viscose et 1 poche arri\u00e8re zipp\u00e9e finition thermosoud\u00e9e. Coupe moderne et ajust\u00e9e avec empi\u00e8cements genoux. Bas de jambes resserr\u00e9 avec une partie \u00e9lastiqu\u00e9e contrast\u00e9e Black sur tous les coloris et Dark Grey sur le Ash Heather.<\/p>\n","protected":false},"excerpt":{"rendered":"<p>Marque : ProAct Coloris : French NAVY Heather Mati\u00e8re ultra confortable. Coupe moderne et ajust\u00e9e. Ceinture \u00e9lastiqu\u00e9e avec cordon de serrage pour un meilleur maintien. 94% polyester\/ 6% \u00e9lasthanne (79% polyester\/ 15% viscose\/ 6% \u00e9lasthanne pour coloris chin\u00e9). Mati\u00e8re ultra confortable. Ceinture \u00e9lastiqu\u00e9e avec cordon de serrage bicolore finition embout plastique. 2 poches devant doublure [&hellip;]<\/p>\n","protected":false},"featured_media":440,"comment_status":"open","ping_status":"closed","template":"","meta":[],"product_brand":[],"product_cat":[27],"product_tag":[],"class_list":{"0":"post-443","1":"product","2":"type-product","3":"status-publish","4":"has-post-thumbnail","6":"product_cat-bas","8":"first","9":"instock","10":"shipping-taxable","11":"purchasable","12":"product-type-variable"},"_links":{"self":[{"href":"https:\/\/boutique.gujan-arcachon-pentathlon.fr\/index.php\/wp-json\/wp\/v2\/product\/443","targetHints":{"allow":["GET"]}}],"collection":[{"href":"https:\/\/boutique.gujan-arcachon-pentathlon.fr\/index.php\/wp-json\/wp\/v2\/product"}],"about":[{"href":"https:\/\/boutique.gujan-arcachon-pentathlon.fr\/index.php\/wp-json\/wp\/v2\/types\/product"}],"replies":[{"embeddable":true,"href":"https:\/\/boutique.gujan-arcachon-pentathlon.fr\/index.php\/wp-json\/wp\/v2\/comments?post=443"}],"wp:featuredmedia":[{"embeddable":true,"href":"https:\/\/boutique.gujan-arcachon-pentathlon.fr\/index.php\/wp-json\/wp\/v2\/media\/440"}],"wp:attachment":[{"href":"https:\/\/boutique.gujan-arcachon-pentathlon.fr\/index.php\/wp-json\/wp\/v2\/media?parent=443"}],"wp:term":[{"taxonomy":"product_brand","embeddable":true,"href":"https:\/\/boutique.gujan-arcachon-pentathlon.fr\/index.php\/wp-json\/wp\/v2\/product_brand?post=443"},{"taxonomy":"product_cat","embeddable":true,"href":"https:\/\/boutique.gujan-arcachon-pentathlon.fr\/index.php\/wp-json\/wp\/v2\/product_cat?post=443"},{"taxonomy":"product_tag","embeddable":true,"href":"https:\/\/boutique.gujan-arcachon-pentathlon.fr\/index.php\/wp-json\/wp\/v2\/product_tag?post=443"}],"curies":[{"name":"wp","href":"https:\/\/api.w.org\/{rel}","templated":true}]}}