{"id":476,"date":"2022-12-07T14:48:51","date_gmt":"2022-12-07T14:48:51","guid":{"rendered":"https:\/\/boutique.gujan-arcachon-pentathlon.fr\/?post_type=product&#038;p=476"},"modified":"2024-10-06T09:56:09","modified_gmt":"2024-10-06T09:56:09","slug":"pa379-veste-urban-appeal-femme","status":"publish","type":"product","link":"https:\/\/boutique.gujan-arcachon-pentathlon.fr\/index.php\/product\/pa379-veste-urban-appeal-femme\/","title":{"rendered":"PA379 &#8211; Veste Urban Appeal Femme"},"content":{"rendered":"<p>Marque : ProAct<\/p>\n<p>Coloris : French NAVY Heather<\/p>\n<ul>\n<li id=\"PA1008_toptex_arguments_vente_1\">Mati\u00e8re ultra confortable.<\/li>\n<li id=\"PA378_toptex_arguments_vente_2\">Fermeture zipp\u00e9e.<\/li>\n<li id=\"PA378_toptex_arguments_vente_3\">2 poches avant zipp\u00e9es finition thermosoud\u00e9e.<\/li>\n<\/ul>\n<p>94% polyester \/ 6% \u00e9lasthanne (79% polyester \/ 15% viscose \/ 6% \u00e9lasthanne pour coloris chin\u00e9). Mati\u00e8re ultra confortable. Fermeture zipp\u00e9e. 2 poches avant zipp\u00e9es finition thermosoud\u00e9e. Bas de manches et de v\u00eatement resserr\u00e9s avec une partie \u00e9lastiqu\u00e9e Black sur tous les coloris et Dark Grey sur le Ash Heather (fermetures aussi).<\/p>\n","protected":false},"excerpt":{"rendered":"<p>Marque : ProAct Coloris : French NAVY Heather Mati\u00e8re ultra confortable. Fermeture zipp\u00e9e. 2 poches avant zipp\u00e9es finition thermosoud\u00e9e. 94% polyester \/ 6% \u00e9lasthanne (79% polyester \/ 15% viscose \/ 6% \u00e9lasthanne pour coloris chin\u00e9). Mati\u00e8re ultra confortable. Fermeture zipp\u00e9e. 2 poches avant zipp\u00e9es finition thermosoud\u00e9e. Bas de manches et de v\u00eatement resserr\u00e9s avec une [&hellip;]<\/p>\n","protected":false},"featured_media":493,"comment_status":"open","ping_status":"closed","template":"","meta":[],"product_brand":[],"product_cat":[26],"product_tag":[],"class_list":{"0":"post-476","1":"product","2":"type-product","3":"status-publish","4":"has-post-thumbnail","6":"product_cat-vestes-blousons","8":"first","9":"instock","10":"shipping-taxable","11":"purchasable","12":"product-type-variable"},"_links":{"self":[{"href":"https:\/\/boutique.gujan-arcachon-pentathlon.fr\/index.php\/wp-json\/wp\/v2\/product\/476","targetHints":{"allow":["GET"]}}],"collection":[{"href":"https:\/\/boutique.gujan-arcachon-pentathlon.fr\/index.php\/wp-json\/wp\/v2\/product"}],"about":[{"href":"https:\/\/boutique.gujan-arcachon-pentathlon.fr\/index.php\/wp-json\/wp\/v2\/types\/product"}],"replies":[{"embeddable":true,"href":"https:\/\/boutique.gujan-arcachon-pentathlon.fr\/index.php\/wp-json\/wp\/v2\/comments?post=476"}],"wp:featuredmedia":[{"embeddable":true,"href":"https:\/\/boutique.gujan-arcachon-pentathlon.fr\/index.php\/wp-json\/wp\/v2\/media\/493"}],"wp:attachment":[{"href":"https:\/\/boutique.gujan-arcachon-pentathlon.fr\/index.php\/wp-json\/wp\/v2\/media?parent=476"}],"wp:term":[{"taxonomy":"product_brand","embeddable":true,"href":"https:\/\/boutique.gujan-arcachon-pentathlon.fr\/index.php\/wp-json\/wp\/v2\/product_brand?post=476"},{"taxonomy":"product_cat","embeddable":true,"href":"https:\/\/boutique.gujan-arcachon-pentathlon.fr\/index.php\/wp-json\/wp\/v2\/product_cat?post=476"},{"taxonomy":"product_tag","embeddable":true,"href":"https:\/\/boutique.gujan-arcachon-pentathlon.fr\/index.php\/wp-json\/wp\/v2\/product_tag?post=476"}],"curies":[{"name":"wp","href":"https:\/\/api.w.org\/{rel}","templated":true}]}}